{"id":139,"date":"2023-01-10T17:36:39","date_gmt":"2023-01-10T17:36:39","guid":{"rendered":"https:\/\/christianburruano.com\/?page_id=139"},"modified":"2024-07-28T17:53:14","modified_gmt":"2024-07-28T17:53:14","slug":"regia","status":"publish","type":"page","link":"https:\/\/christianburruano.com\/index.php\/regia\/","title":{"rendered":"REGIA"},"content":{"rendered":"\t\t<div data-elementor-type=\"wp-page\" data-elementor-id=\"139\" class=\"elementor elementor-139\">\n\t\t\t\t<div class=\"elementor-element elementor-element-688c9f3 e-con-full e-flex e-con e-parent\" data-id=\"688c9f3\" data-element_type=\"container\" data-e-type=\"container\">\n\t\t<div class=\"elementor-element elementor-element-92ee46a e-con-full e-flex e-con e-child\" data-id=\"92ee46a\" data-element_type=\"container\" data-e-type=\"container\">\n\t\t\t\t<div class=\"elementor-element elementor-element-64c7e00 elementor-widget elementor-widget-image\" data-id=\"64c7e00\" data-element_type=\"widget\" data-e-type=\"widget\" data-widget_type=\"image.default\">\n\t\t\t\t<div class=\"elementor-widget-container\">\n\t\t\t\t\t\t\t\t\t\t\t\t\t\t\t<img fetchpriority=\"high\" decoding=\"async\" width=\"620\" height=\"228\" src=\"https:\/\/christianburruano.com\/wp-content\/uploads\/2024\/07\/logo-1-1024x377.png\" class=\"attachment-large size-large wp-image-731\" alt=\"\" srcset=\"https:\/\/christianburruano.com\/wp-content\/uploads\/2024\/07\/logo-1-1024x377.png 1024w, https:\/\/christianburruano.com\/wp-content\/uploads\/2024\/07\/logo-1-300x111.png 300w, https:\/\/christianburruano.com\/wp-content\/uploads\/2024\/07\/logo-1-768x283.png 768w, https:\/\/christianburruano.com\/wp-content\/uploads\/2024\/07\/logo-1-1536x566.png 1536w, https:\/\/christianburruano.com\/wp-content\/uploads\/2024\/07\/logo-1-2048x755.png 2048w, https:\/\/christianburruano.com\/wp-content\/uploads\/2024\/07\/logo-1-1568x578.png 1568w\" sizes=\"(max-width: 620px) 100vw, 620px\" \/>\t\t\t\t\t\t\t\t\t\t\t\t\t\t\t<\/div>\n\t\t\t\t<\/div>\n\t\t\t\t<\/div>\n\t\t<div class=\"elementor-element elementor-element-f75cd23 e-con-full e-flex e-con e-child\" data-id=\"f75cd23\" data-element_type=\"container\" data-e-type=\"container\">\n\t\t\t\t<div class=\"elementor-element elementor-element-cc08787 elementor-widget elementor-widget-text-editor\" data-id=\"cc08787\" data-element_type=\"widget\" data-e-type=\"widget\" data-widget_type=\"text-editor.default\">\n\t\t\t\t<div class=\"elementor-widget-container\">\n\t\t\t\t\t\t\t\t\t<p>Raccontare storie. Questo \u00e8 ci\u00f2 che ci rende umani. Da quando nasciamo vogliamo che ci raccontino delle storie. C&#8217;\u00e8 chi le vuole solo raccontate e c&#8217;\u00e8 a chi piace raccontarle. Io preferisco raccontarle. Ogni storia vale la pena di essere raccontata, ciascuno ha il suo bisogno di dire qualcosa, non tutti per\u00f2 sanno come fare. Il mio tentativo \u00e8 di raccontare le storie di chi non pu\u00f2 o non sa come raccontarle.&nbsp;<\/p>\t\t\t\t\t\t\t\t<\/div>\n\t\t\t\t<\/div>\n\t\t\t\t<\/div>\n\t\t\t\t<\/div>\n\t\t<div class=\"elementor-element elementor-element-592f354 e-flex e-con-boxed e-con e-parent\" data-id=\"592f354\" data-element_type=\"container\" data-e-type=\"container\">\n\t\t\t\t\t<div class=\"e-con-inner\">\n\t\t<div class=\"elementor-element elementor-element-fc66f8c e-con-full e-flex e-con e-child\" data-id=\"fc66f8c\" data-element_type=\"container\" data-e-type=\"container\">\n\t\t\t\t<div class=\"elementor-element elementor-element-32298c0 elementor-widget elementor-widget-video\" data-id=\"32298c0\" data-element_type=\"widget\" data-e-type=\"widget\" data-settings=\"{&quot;video_type&quot;:&quot;hosted&quot;,&quot;show_image_overlay&quot;:&quot;yes&quot;,&quot;image_overlay&quot;:{&quot;url&quot;:&quot;&quot;,&quot;id&quot;:&quot;&quot;,&quot;size&quot;:&quot;&quot;,&quot;alt&quot;:&quot;&quot;,&quot;source&quot;:&quot;library&quot;},&quot;controls&quot;:&quot;yes&quot;}\" data-widget_type=\"video.default\">\n\t\t\t\t<div class=\"elementor-widget-container\">\n\t\t\t\t\t\t\t<div class=\"e-hosted-video elementor-wrapper elementor-open-inline\">\n\t\t\t\t\t<video class=\"elementor-video\" src=\"https:\/\/christianburruano.com\/wp-content\/uploads\/2024\/07\/EXPORT-MEMORIALE-YOUTUBE.mp4\" controls=\"\" preload=\"metadata\" controlsList=\"nodownload\" poster=\"https:\/\/christianburruano.com\/wp-content\/uploads\/2024\/07\/Screenshot-2024-07-28-at-11.04.47.png\"><\/video>\n\t\t\t\t<\/div>\n\t\t\t\t\t\t<\/div>\n\t\t\t\t<\/div>\n\t\t\t\t<\/div>\n\t\t<div class=\"elementor-element elementor-element-c921268 e-con-full e-flex e-con e-child\" data-id=\"c921268\" data-element_type=\"container\" data-e-type=\"container\">\n\t\t\t\t<div class=\"elementor-element elementor-element-0c528ab ekit-equal-height-disable elementor-widget elementor-widget-elementskit-icon-box\" data-id=\"0c528ab\" data-element_type=\"widget\" data-e-type=\"widget\" data-widget_type=\"elementskit-icon-box.default\">\n\t\t\t\t<div class=\"elementor-widget-container\">\n\t\t\t\t\t<div class=\"ekit-wid-con\" >        <!-- link opening -->\n                <a href=\"#\" class=\"ekit_global_links\">\n                <!-- end link opening -->\n\n        <div class=\"elementskit-infobox text-center text- icon-top-align elementor-animation-   \">\n                    <div class=\"elementskit-box-header elementor-animation-\">\n                <div class=\"elementskit-info-box-icon  \">\n                    <i aria-hidden=\"true\" class=\"elementkit-infobox-icon icon icon-video-camera\"><\/i>\n                <\/div>\n          <\/div>\n                        <div class=\"box-body\">\n                            <h3 class=\"elementskit-info-box-title\">\n                    Studio della storia                <\/h3>\n                        \t\t  \t<p>Video making e regia sono cose differenti: ma gli eventi possono avere qualcosa in pi\u00f9 se si conosce l'anima della storia che si vuole raccontare cos\u00ec che le riprese possano gi\u00e0 pensare al montaggio finale.  <\/p>\n                                <\/div>\n        \n        \n                <\/div>\n                <\/a>\n        <\/div>\t\t\t\t<\/div>\n\t\t\t\t<\/div>\n\t\t\t\t<\/div>\n\t\t\t\t\t<\/div>\n\t\t\t\t<\/div>\n\t\t<div class=\"elementor-element elementor-element-0ba5904 e-con-full e-flex e-con e-parent\" data-id=\"0ba5904\" data-element_type=\"container\" data-e-type=\"container\">\n\t\t<div class=\"elementor-element elementor-element-b1a6a60 e-con-full e-flex e-con e-child\" data-id=\"b1a6a60\" data-element_type=\"container\" data-e-type=\"container\">\n\t\t\t\t<div class=\"elementor-element elementor-element-378ecd3 ekit-equal-height-disable elementor-widget elementor-widget-elementskit-icon-box\" data-id=\"378ecd3\" data-element_type=\"widget\" data-e-type=\"widget\" data-widget_type=\"elementskit-icon-box.default\">\n\t\t\t\t<div class=\"elementor-widget-container\">\n\t\t\t\t\t<div class=\"ekit-wid-con\" >        <!-- link opening -->\n                <a href=\"#\" class=\"ekit_global_links\">\n                <!-- end link opening -->\n\n        <div class=\"elementskit-infobox text-center text- icon-top-align elementor-animation-   \">\n                    <div class=\"elementskit-box-header elementor-animation-\">\n                <div class=\"elementskit-info-box-icon  \">\n                    <i aria-hidden=\"true\" class=\"elementkit-infobox-icon icon icon-video-camera\"><\/i>\n                <\/div>\n          <\/div>\n                        <div class=\"box-body\">\n                            <h3 class=\"elementskit-info-box-title\">\n                    Happening e Improvvisazione                <\/h3>\n                        \t\t  \t<p>In contesti dove gli avvenimenti possono essere imprevedibili \u00e8 all'intuito e alle persone che possono incarnare una storia che si deve indirizzare la propria attenzione.<\/p>\n                                <\/div>\n        \n        \n                <\/div>\n                <\/a>\n        <\/div>\t\t\t\t<\/div>\n\t\t\t\t<\/div>\n\t\t\t\t<\/div>\n\t\t<div class=\"elementor-element elementor-element-279c381 e-con-full e-flex e-con e-child\" data-id=\"279c381\" data-element_type=\"container\" data-e-type=\"container\">\n\t\t\t\t<div class=\"elementor-element elementor-element-28520e7 elementor-widget elementor-widget-video\" data-id=\"28520e7\" data-element_type=\"widget\" data-e-type=\"widget\" data-settings=\"{&quot;video_type&quot;:&quot;hosted&quot;,&quot;show_image_overlay&quot;:&quot;yes&quot;,&quot;image_overlay&quot;:{&quot;url&quot;:&quot;&quot;,&quot;id&quot;:&quot;&quot;,&quot;size&quot;:&quot;&quot;,&quot;alt&quot;:&quot;&quot;,&quot;source&quot;:&quot;library&quot;},&quot;controls&quot;:&quot;yes&quot;}\" data-widget_type=\"video.default\">\n\t\t\t\t<div class=\"elementor-widget-container\">\n\t\t\t\t\t\t\t<div class=\"e-hosted-video elementor-wrapper elementor-open-inline\">\n\t\t\t\t\t<video class=\"elementor-video\" src=\"https:\/\/christianburruano.com\/wp-content\/uploads\/2024\/07\/ENTRACQUE-COMPRESSED-24FPS.mp4\" controls=\"\" preload=\"metadata\" controlsList=\"nodownload\" poster=\"https:\/\/christianburruano.com\/wp-content\/uploads\/2024\/07\/Screenshot-2024-07-27-at-16.53.59.png\"><\/video>\n\t\t\t\t<\/div>\n\t\t\t\t\t\t<\/div>\n\t\t\t\t<\/div>\n\t\t\t\t<\/div>\n\t\t\t\t<\/div>\n\t\t<div class=\"elementor-element elementor-element-f21ae12 e-flex e-con-boxed e-con e-parent\" data-id=\"f21ae12\" data-element_type=\"container\" data-e-type=\"container\">\n\t\t\t\t\t<div class=\"e-con-inner\">\n\t\t\t\t<div class=\"elementor-element elementor-element-4bdcd80 elementor-widget elementor-widget-spacer\" data-id=\"4bdcd80\" data-element_type=\"widget\" data-e-type=\"widget\" data-widget_type=\"spacer.default\">\n\t\t\t\t<div class=\"elementor-widget-container\">\n\t\t\t\t\t\t\t<div class=\"elementor-spacer\">\n\t\t\t<div class=\"elementor-spacer-inner\"><\/div>\n\t\t<\/div>\n\t\t\t\t\t\t<\/div>\n\t\t\t\t<\/div>\n\t\t<div class=\"elementor-element elementor-element-942a2db e-con-full e-flex elementor-invisible e-con e-child\" data-id=\"942a2db\" data-element_type=\"container\" data-e-type=\"container\" data-settings=\"{&quot;animation&quot;:&quot;fadeInRight&quot;}\">\n\t\t\t\t<div class=\"elementor-element elementor-element-66ec7c4 elementor-widget-divider--view-line elementor-invisible elementor-widget elementor-widget-divider\" data-id=\"66ec7c4\" data-element_type=\"widget\" data-e-type=\"widget\" data-settings=\"{&quot;_animation&quot;:&quot;fadeInLeft&quot;}\" data-widget_type=\"divider.default\">\n\t\t\t\t<div class=\"elementor-widget-container\">\n\t\t\t\t\t\t\t<div class=\"elementor-divider\">\n\t\t\t<span class=\"elementor-divider-separator\">\n\t\t\t\t\t\t<\/span>\n\t\t<\/div>\n\t\t\t\t\t\t<\/div>\n\t\t\t\t<\/div>\n\t\t\t\t<\/div>\n\t\t\t\t\t<\/div>\n\t\t\t\t<\/div>\n\t\t<div class=\"elementor-element elementor-element-27c07a4 e-grid e-con-full e-con e-parent\" data-id=\"27c07a4\" data-element_type=\"container\" data-e-type=\"container\">\n\t\t\t\t<div class=\"elementor-element elementor-element-0d6b145 elementor-widget elementor-widget-video\" data-id=\"0d6b145\" data-element_type=\"widget\" data-e-type=\"widget\" data-settings=\"{&quot;video_type&quot;:&quot;hosted&quot;,&quot;controls&quot;:&quot;yes&quot;}\" data-widget_type=\"video.default\">\n\t\t\t\t<div class=\"elementor-widget-container\">\n\t\t\t\t\t\t\t<div class=\"e-hosted-video elementor-wrapper elementor-open-inline\">\n\t\t\t\t\t<video class=\"elementor-video\" src=\"https:\/\/christianburruano.com\/wp-content\/uploads\/2024\/07\/MONCALIERI-HELLS-COMPRESSED-.mp4\" controls=\"\" preload=\"metadata\" controlsList=\"nodownload\" poster=\"https:\/\/christianburruano.com\/wp-content\/uploads\/2024\/07\/Screenshot-2024-07-27-at-17.34.47.png\"><\/video>\n\t\t\t\t<\/div>\n\t\t\t\t\t\t<\/div>\n\t\t\t\t<\/div>\n\t\t\t\t<div class=\"elementor-element elementor-element-bd3dd2e elementor-widget elementor-widget-video\" data-id=\"bd3dd2e\" data-element_type=\"widget\" data-e-type=\"widget\" data-settings=\"{&quot;video_type&quot;:&quot;hosted&quot;,&quot;controls&quot;:&quot;yes&quot;}\" data-widget_type=\"video.default\">\n\t\t\t\t<div class=\"elementor-widget-container\">\n\t\t\t\t\t\t\t<div class=\"e-hosted-video elementor-wrapper elementor-open-inline\">\n\t\t\t\t\t<video class=\"elementor-video\" src=\"https:\/\/christianburruano.com\/wp-content\/uploads\/2024\/07\/EVENTO-HARLEY-COMPRESSED-.mp4\" controls=\"\" preload=\"metadata\" controlsList=\"nodownload\" poster=\"https:\/\/christianburruano.com\/wp-content\/uploads\/2024\/07\/Screenshot-2024-07-27-at-17.28.11.png\"><\/video>\n\t\t\t\t<\/div>\n\t\t\t\t\t\t<\/div>\n\t\t\t\t<\/div>\n\t\t\t\t<div class=\"elementor-element elementor-element-a641062 elementor-widget elementor-widget-video\" data-id=\"a641062\" data-element_type=\"widget\" data-e-type=\"widget\" data-settings=\"{&quot;video_type&quot;:&quot;hosted&quot;,&quot;controls&quot;:&quot;yes&quot;}\" data-widget_type=\"video.default\">\n\t\t\t\t<div class=\"elementor-widget-container\">\n\t\t\t\t\t\t\t<div class=\"e-hosted-video elementor-wrapper elementor-open-inline\">\n\t\t\t\t\t<video class=\"elementor-video\" src=\"https:\/\/christianburruano.com\/wp-content\/uploads\/2024\/07\/MALPARIDOS-COMPRESSED-.mp4\" controls=\"\" preload=\"metadata\" controlsList=\"nodownload\" poster=\"https:\/\/christianburruano.com\/wp-content\/uploads\/2024\/07\/Screenshot-2024-07-27-at-17.18.38.png\"><\/video>\n\t\t\t\t<\/div>\n\t\t\t\t\t\t<\/div>\n\t\t\t\t<\/div>\n\t\t\t\t<div class=\"elementor-element elementor-element-6adc1ba elementor-widget elementor-widget-video\" data-id=\"6adc1ba\" data-element_type=\"widget\" data-e-type=\"widget\" data-settings=\"{&quot;video_type&quot;:&quot;hosted&quot;,&quot;controls&quot;:&quot;yes&quot;}\" data-widget_type=\"video.default\">\n\t\t\t\t<div class=\"elementor-widget-container\">\n\t\t\t\t\t\t\t<div class=\"e-hosted-video elementor-wrapper elementor-open-inline\">\n\t\t\t\t\t<video class=\"elementor-video\" src=\"https:\/\/christianburruano.com\/wp-content\/uploads\/2024\/07\/Kewinery-Compressed-.mp4\" controls=\"\" preload=\"metadata\" controlsList=\"nodownload\" poster=\"https:\/\/christianburruano.com\/wp-content\/uploads\/2024\/07\/Screenshot-2024-07-27-at-17.12.37.png\"><\/video>\n\t\t\t\t<\/div>\n\t\t\t\t\t\t<\/div>\n\t\t\t\t<\/div>\n\t\t\t\t<div class=\"elementor-element elementor-element-9c2b458 elementor-widget elementor-widget-video\" data-id=\"9c2b458\" data-element_type=\"widget\" data-e-type=\"widget\" data-settings=\"{&quot;video_type&quot;:&quot;hosted&quot;,&quot;controls&quot;:&quot;yes&quot;}\" data-widget_type=\"video.default\">\n\t\t\t\t<div class=\"elementor-widget-container\">\n\t\t\t\t\t\t\t<div class=\"e-hosted-video elementor-wrapper elementor-open-inline\">\n\t\t\t\t\t<video class=\"elementor-video\" src=\"https:\/\/christianburruano.com\/wp-content\/uploads\/2024\/07\/CELEBRANTE-CRISTINA-COMPRESSED-.mp4\" controls=\"\" preload=\"metadata\" controlsList=\"nodownload\" poster=\"https:\/\/christianburruano.com\/wp-content\/uploads\/2024\/07\/Screenshot-2024-07-27-at-17.30.19.png\"><\/video>\n\t\t\t\t<\/div>\n\t\t\t\t\t\t<\/div>\n\t\t\t\t<\/div>\n\t\t\t\t<div class=\"elementor-element elementor-element-9454c48 elementor-widget elementor-widget-video\" data-id=\"9454c48\" data-element_type=\"widget\" data-e-type=\"widget\" data-settings=\"{&quot;video_type&quot;:&quot;hosted&quot;,&quot;controls&quot;:&quot;yes&quot;}\" data-widget_type=\"video.default\">\n\t\t\t\t<div class=\"elementor-widget-container\">\n\t\t\t\t\t\t\t<div class=\"e-hosted-video elementor-wrapper elementor-open-inline\">\n\t\t\t\t\t<video class=\"elementor-video\" src=\"https:\/\/christianburruano.com\/wp-content\/uploads\/2024\/07\/SANTERO-COMPRESSED.mp4\" controls=\"\" preload=\"metadata\" controlsList=\"nodownload\" poster=\"https:\/\/christianburruano.com\/wp-content\/uploads\/2024\/07\/Screenshot-2024-07-27-at-17.39.50.png\"><\/video>\n\t\t\t\t<\/div>\n\t\t\t\t\t\t<\/div>\n\t\t\t\t<\/div>\n\t\t\t\t<\/div>\n\t\t<div class=\"elementor-element elementor-element-0efb7ad e-flex e-con-boxed e-con e-parent\" data-id=\"0efb7ad\" data-element_type=\"container\" data-e-type=\"container\">\n\t\t\t\t\t<div class=\"e-con-inner\">\n\t\t\t\t<div class=\"elementor-element elementor-element-25d8045 elementor-widget-divider--view-line elementor-invisible elementor-widget elementor-widget-divider\" data-id=\"25d8045\" data-element_type=\"widget\" data-e-type=\"widget\" data-settings=\"{&quot;_animation&quot;:&quot;fadeInRight&quot;}\" data-widget_type=\"divider.default\">\n\t\t\t\t<div class=\"elementor-widget-container\">\n\t\t\t\t\t\t\t<div class=\"elementor-divider\">\n\t\t\t<span class=\"elementor-divider-separator\">\n\t\t\t\t\t\t<\/span>\n\t\t<\/div>\n\t\t\t\t\t\t<\/div>\n\t\t\t\t<\/div>\n\t\t\t\t\t<\/div>\n\t\t\t\t<\/div>\n\t\t\t\t<\/div>\n\t\t","protected":false},"excerpt":{"rendered":"<p>Raccontare storie. Questo \u00e8 ci\u00f2 che ci rende umani. Da quando nasciamo vogliamo che ci raccontino delle storie. C&#8217;\u00e8 chi le vuole solo raccontate e c&#8217;\u00e8 a chi piace raccontarle. Io preferisco raccontarle. Ogni storia vale la pena di essere raccontata, ciascuno ha il suo bisogno di dire qualcosa, non tutti per\u00f2 sanno come fare.<a class=\"more-link\" href=\"https:\/\/christianburruano.com\/index.php\/regia\/\">Continue reading <span class=\"screen-reader-text\">&#8220;REGIA&#8221;<\/span><\/a><\/p>\n","protected":false},"author":1,"featured_media":0,"parent":0,"menu_order":0,"comment_status":"closed","ping_status":"closed","template":"","meta":{"footnotes":""},"class_list":["post-139","page","type-page","status-publish","hentry","entry"],"_links":{"self":[{"href":"https:\/\/christianburruano.com\/index.php\/wp-json\/wp\/v2\/pages\/139","targetHints":{"allow":["GET"]}}],"collection":[{"href":"https:\/\/christianburruano.com\/index.php\/wp-json\/wp\/v2\/pages"}],"about":[{"href":"https:\/\/christianburruano.com\/index.php\/wp-json\/wp\/v2\/types\/page"}],"author":[{"embeddable":true,"href":"https:\/\/christianburruano.com\/index.php\/wp-json\/wp\/v2\/users\/1"}],"replies":[{"embeddable":true,"href":"https:\/\/christianburruano.com\/index.php\/wp-json\/wp\/v2\/comments?post=139"}],"version-history":[{"count":67,"href":"https:\/\/christianburruano.com\/index.php\/wp-json\/wp\/v2\/pages\/139\/revisions"}],"predecessor-version":[{"id":878,"href":"https:\/\/christianburruano.com\/index.php\/wp-json\/wp\/v2\/pages\/139\/revisions\/878"}],"wp:attachment":[{"href":"https:\/\/christianburruano.com\/index.php\/wp-json\/wp\/v2\/media?parent=139"}],"curies":[{"name":"wp","href":"https:\/\/api.w.org\/{rel}","templated":true}]}}